{"id":55,"date":"2015-06-24T19:11:38","date_gmt":"2015-06-24T17:11:38","guid":{"rendered":"http:\/\/immobilien-sahin-24.de\/cms\/?page_id=55"},"modified":"2025-09-15T16:39:58","modified_gmt":"2025-09-15T14:39:58","slug":"kontakte","status":"publish","type":"page","link":"http:\/\/immobilien-sahin-24.de\/cms\/kontakte\/","title":{"rendered":"Kontakte"},"content":{"rendered":"<h3>Kontaktdaten:<\/h3>\n<p>von<strong> Immobilien Sahin | Frau Sakine Sahin<\/strong><\/p>\n<table border=\"0\" width=\"800\" cellspacing=\"0\" cellpadding=\"0\">\n<tbody>\n<tr>\n<td valign=\"top\" width=\"350\">\n<p align=\"left\"><strong>Immobilien Sahin<\/strong><br \/>\nFrau Sakine Sahin<br \/>\nSudermannstr. 9b<br \/>\n51427 Bergisch Gladbach \/ Refrath<\/p>\n<\/td>\n<td align=\"right\" valign=\"top\" width=\"100\">Mobil:<br \/>\nB\u00fcro:<\/p>\n<p>E-Mail:<br \/>\nWeb:<\/td>\n<td valign=\"top\" width=\"350\">\n<div align=\"left\">01577 &#8211; 6 33 0762<br \/>\n02204 &#8211; 305785<\/p>\n<\/div>\n<div align=\"left\"><a href=\"mailto:post@immobilien-sahin-24.de\">post(at)immobilien-sahin-24.de<\/a><br \/>\n<a href=\"http:\/\/immobilien-sahin-24.de\">http:\/\/immobilien-sahin-24.de<\/a><\/div>\n<\/td>\n<\/tr>\n<\/tbody>\n<\/table>\n<table>\n<tbody>\n<tr>\n<td>Hier geht es zum <strong><a href=\"http:\/\/immobilien-sahin-24.de\/cms\/kontakte\/kontaktformular\/\">Kontaktformular \u00bb<\/a><\/strong><\/td>\n<\/tr>\n<tr>\n<td>&nbsp;<\/td>\n<\/tr>\n<\/tbody>\n<\/table>\n<table border=\"0\" width=\"800\" cellspacing=\"0\" cellpadding=\"0\">\n<tbody>\n<tr>\n<td valign=\"top\">\n<h3>QR-Code:<\/h3>\n<p>Zur Verwendung f\u00fcr Mobile Endger\u00e4te mit Kamera.<\/td>\n<td valign=\"top\">\n<h3>vCard:<\/h3>\n<p>Zur Verwendung f\u00fcr Email Clients wie Outlook, Thunderbird und Co.<\/td>\n<\/tr>\n<tr>\n<td valign=\"top\" width=\"350\"><img loading=\"lazy\" class=\"alignnone wp-image-257 size-medium\" src=\"http:\/\/immobilien-sahin-24.de\/cms\/wp-content\/uploads\/qr-code-300x300.png\" alt=\"QR-Code |von| Immobilien Sahin, Frau Sakine Sahin, Sudermannstr. 9b, 51427 Bergisch Gladbach \/ Refrath\" width=\"300\" height=\"300\" srcset=\"http:\/\/immobilien-sahin-24.de\/cms\/wp-content\/uploads\/qr-code-300x300.png 300w, http:\/\/immobilien-sahin-24.de\/cms\/wp-content\/uploads\/qr-code-150x150.png 150w, http:\/\/immobilien-sahin-24.de\/cms\/wp-content\/uploads\/qr-code.png 308w\" sizes=\"(max-width: 300px) 100vw, 300px\" \/><\/td>\n<td valign=\"top\"><b>Download <a href=\"http:\/\/immobilien-sahin-24.de\/cms\/wp-content\/uploads\/Immobilien-SAHIN.vcf\"> \u00bb Immobilien SAHIN.vcf<\/a><\/b><\/td>\n<\/tr>\n<\/tbody>\n<\/table>\n","protected":false},"excerpt":{"rendered":"<p>Hier stehen Ihnen, s\u00e4mtliche Kontaktdaten von Immobilien SAHIN, bereit.<\/p>\n","protected":false},"author":2,"featured_media":1591,"parent":0,"menu_order":0,"comment_status":"closed","ping_status":"open","template":"","meta":{"ngg_post_thumbnail":0},"yoast_head":"<!-- This site is optimized with the Yoast SEO plugin v18.4.1 - https:\/\/yoast.com\/wordpress\/plugins\/seo\/ -->\n<title>Immobilien Sahin, Frau Sakine Sahin, Bergisch Gladbach<\/title>\n<meta name=\"description\" content=\"Ihre Topadresse f\u00fcr Immobilien in K\u00f6ln, Bergisch Gladbach und Umgebung. Ganz gleich, ob Wohnungen, H\u00e4user, Ladenlokale, Praxen, Grundst\u00fccke oder Anlageobjekte.\" \/>\n<meta name=\"robots\" content=\"index, follow, max-snippet:-1, max-image-preview:large, max-video-preview:-1\" \/>\n<link rel=\"canonical\" href=\"http:\/\/immobilien-sahin-24.de\/cms\/kontakte\/\" \/>\n<meta property=\"og:locale\" content=\"de_DE\" \/>\n<meta property=\"og:type\" content=\"article\" \/>\n<meta property=\"og:title\" content=\"Immobilien Sahin, Frau Sakine Sahin, Bergisch Gladbach\" \/>\n<meta property=\"og:description\" content=\"Ihre Topadresse f\u00fcr Immobilien in K\u00f6ln, Bergisch Gladbach und Umgebung. Ganz gleich, ob Wohnungen, H\u00e4user, Ladenlokale, Praxen, Grundst\u00fccke oder Anlageobjekte.\" \/>\n<meta property=\"og:url\" content=\"http:\/\/immobilien-sahin-24.de\/cms\/kontakte\/\" \/>\n<meta property=\"og:site_name\" content=\"immobilien-sahin-24.de\" \/>\n<meta property=\"article:modified_time\" content=\"2025-09-15T14:39:58+00:00\" \/>\n<meta property=\"og:image\" content=\"http:\/\/immobilien-sahin-24.de\/cms\/wp-content\/uploads\/RedDot-Kontakt-270x250.png\" \/>\n\t<meta property=\"og:image:width\" content=\"270\" \/>\n\t<meta property=\"og:image:height\" content=\"250\" \/>\n\t<meta property=\"og:image:type\" content=\"image\/png\" \/>\n<meta name=\"twitter:card\" content=\"summary\" \/>\n<meta name=\"twitter:label1\" content=\"Gesch\u00e4tzte Lesezeit\" \/>\n\t<meta name=\"twitter:data1\" content=\"1\u00a0Minute\" \/>\n<script type=\"application\/ld+json\" class=\"yoast-schema-graph\">{\"@context\":\"https:\/\/schema.org\",\"@graph\":[{\"@type\":\"Organization\",\"@id\":\"http:\/\/immobilien-sahin-24.de\/cms\/#organization\",\"name\":\"Immobilien SAHIN\",\"url\":\"http:\/\/immobilien-sahin-24.de\/cms\/\",\"sameAs\":[],\"logo\":{\"@type\":\"ImageObject\",\"@id\":\"http:\/\/immobilien-sahin-24.de\/cms\/#logo\",\"inLanguage\":\"de\",\"url\":\"http:\/\/immobilien-sahin-24.de\/cms\/wp-content\/uploads\/logo_sahinimmobilien.jpg\",\"contentUrl\":\"http:\/\/immobilien-sahin-24.de\/cms\/wp-content\/uploads\/logo_sahinimmobilien.jpg\",\"width\":800,\"height\":238,\"caption\":\"Immobilien SAHIN\"},\"image\":{\"@id\":\"http:\/\/immobilien-sahin-24.de\/cms\/#logo\"}},{\"@type\":\"WebSite\",\"@id\":\"http:\/\/immobilien-sahin-24.de\/cms\/#website\",\"url\":\"http:\/\/immobilien-sahin-24.de\/cms\/\",\"name\":\"immobilien-sahin-24.de\",\"description\":\"Willkommen bei Immobilien SAHIN\",\"publisher\":{\"@id\":\"http:\/\/immobilien-sahin-24.de\/cms\/#organization\"},\"potentialAction\":[{\"@type\":\"SearchAction\",\"target\":{\"@type\":\"EntryPoint\",\"urlTemplate\":\"http:\/\/immobilien-sahin-24.de\/cms\/?s={search_term_string}\"},\"query-input\":\"required name=search_term_string\"}],\"inLanguage\":\"de\"},{\"@type\":\"ImageObject\",\"@id\":\"http:\/\/immobilien-sahin-24.de\/cms\/kontakte\/#primaryimage\",\"inLanguage\":\"de\",\"url\":\"http:\/\/immobilien-sahin-24.de\/cms\/wp-content\/uploads\/RedDot-Kontakt-270x250.png\",\"contentUrl\":\"http:\/\/immobilien-sahin-24.de\/cms\/wp-content\/uploads\/RedDot-Kontakt-270x250.png\",\"width\":270,\"height\":250},{\"@type\":\"WebPage\",\"@id\":\"http:\/\/immobilien-sahin-24.de\/cms\/kontakte\/#webpage\",\"url\":\"http:\/\/immobilien-sahin-24.de\/cms\/kontakte\/\",\"name\":\"Immobilien Sahin, Frau Sakine Sahin, Bergisch Gladbach\",\"isPartOf\":{\"@id\":\"http:\/\/immobilien-sahin-24.de\/cms\/#website\"},\"primaryImageOfPage\":{\"@id\":\"http:\/\/immobilien-sahin-24.de\/cms\/kontakte\/#primaryimage\"},\"datePublished\":\"2015-06-24T17:11:38+00:00\",\"dateModified\":\"2025-09-15T14:39:58+00:00\",\"description\":\"Ihre Topadresse f\u00fcr Immobilien in K\u00f6ln, Bergisch Gladbach und Umgebung. Ganz gleich, ob Wohnungen, H\u00e4user, Ladenlokale, Praxen, Grundst\u00fccke oder Anlageobjekte.\",\"breadcrumb\":{\"@id\":\"http:\/\/immobilien-sahin-24.de\/cms\/kontakte\/#breadcrumb\"},\"inLanguage\":\"de\",\"potentialAction\":[{\"@type\":\"ReadAction\",\"target\":[\"http:\/\/immobilien-sahin-24.de\/cms\/kontakte\/\"]}]},{\"@type\":\"BreadcrumbList\",\"@id\":\"http:\/\/immobilien-sahin-24.de\/cms\/kontakte\/#breadcrumb\",\"itemListElement\":[{\"@type\":\"ListItem\",\"position\":1,\"name\":\"Home\",\"item\":\"http:\/\/immobilien-sahin-24.de\/cms\/\"},{\"@type\":\"ListItem\",\"position\":2,\"name\":\"Kontakte\"}]}]}<\/script>\n<!-- \/ Yoast SEO plugin. -->","yoast_head_json":{"title":"Immobilien Sahin, Frau Sakine Sahin, Bergisch Gladbach","description":"Ihre Topadresse f\u00fcr Immobilien in K\u00f6ln, Bergisch Gladbach und Umgebung. Ganz gleich, ob Wohnungen, H\u00e4user, Ladenlokale, Praxen, Grundst\u00fccke oder Anlageobjekte.","robots":{"index":"index","follow":"follow","max-snippet":"max-snippet:-1","max-image-preview":"max-image-preview:large","max-video-preview":"max-video-preview:-1"},"canonical":"http:\/\/immobilien-sahin-24.de\/cms\/kontakte\/","og_locale":"de_DE","og_type":"article","og_title":"Immobilien Sahin, Frau Sakine Sahin, Bergisch Gladbach","og_description":"Ihre Topadresse f\u00fcr Immobilien in K\u00f6ln, Bergisch Gladbach und Umgebung. Ganz gleich, ob Wohnungen, H\u00e4user, Ladenlokale, Praxen, Grundst\u00fccke oder Anlageobjekte.","og_url":"http:\/\/immobilien-sahin-24.de\/cms\/kontakte\/","og_site_name":"immobilien-sahin-24.de","article_modified_time":"2025-09-15T14:39:58+00:00","og_image":[{"width":270,"height":250,"url":"http:\/\/immobilien-sahin-24.de\/cms\/wp-content\/uploads\/RedDot-Kontakt-270x250.png","type":"image\/png"}],"twitter_card":"summary","twitter_misc":{"Gesch\u00e4tzte Lesezeit":"1\u00a0Minute"},"schema":{"@context":"https:\/\/schema.org","@graph":[{"@type":"Organization","@id":"http:\/\/immobilien-sahin-24.de\/cms\/#organization","name":"Immobilien SAHIN","url":"http:\/\/immobilien-sahin-24.de\/cms\/","sameAs":[],"logo":{"@type":"ImageObject","@id":"http:\/\/immobilien-sahin-24.de\/cms\/#logo","inLanguage":"de","url":"http:\/\/immobilien-sahin-24.de\/cms\/wp-content\/uploads\/logo_sahinimmobilien.jpg","contentUrl":"http:\/\/immobilien-sahin-24.de\/cms\/wp-content\/uploads\/logo_sahinimmobilien.jpg","width":800,"height":238,"caption":"Immobilien SAHIN"},"image":{"@id":"http:\/\/immobilien-sahin-24.de\/cms\/#logo"}},{"@type":"WebSite","@id":"http:\/\/immobilien-sahin-24.de\/cms\/#website","url":"http:\/\/immobilien-sahin-24.de\/cms\/","name":"immobilien-sahin-24.de","description":"Willkommen bei Immobilien SAHIN","publisher":{"@id":"http:\/\/immobilien-sahin-24.de\/cms\/#organization"},"potentialAction":[{"@type":"SearchAction","target":{"@type":"EntryPoint","urlTemplate":"http:\/\/immobilien-sahin-24.de\/cms\/?s={search_term_string}"},"query-input":"required name=search_term_string"}],"inLanguage":"de"},{"@type":"ImageObject","@id":"http:\/\/immobilien-sahin-24.de\/cms\/kontakte\/#primaryimage","inLanguage":"de","url":"http:\/\/immobilien-sahin-24.de\/cms\/wp-content\/uploads\/RedDot-Kontakt-270x250.png","contentUrl":"http:\/\/immobilien-sahin-24.de\/cms\/wp-content\/uploads\/RedDot-Kontakt-270x250.png","width":270,"height":250},{"@type":"WebPage","@id":"http:\/\/immobilien-sahin-24.de\/cms\/kontakte\/#webpage","url":"http:\/\/immobilien-sahin-24.de\/cms\/kontakte\/","name":"Immobilien Sahin, Frau Sakine Sahin, Bergisch Gladbach","isPartOf":{"@id":"http:\/\/immobilien-sahin-24.de\/cms\/#website"},"primaryImageOfPage":{"@id":"http:\/\/immobilien-sahin-24.de\/cms\/kontakte\/#primaryimage"},"datePublished":"2015-06-24T17:11:38+00:00","dateModified":"2025-09-15T14:39:58+00:00","description":"Ihre Topadresse f\u00fcr Immobilien in K\u00f6ln, Bergisch Gladbach und Umgebung. Ganz gleich, ob Wohnungen, H\u00e4user, Ladenlokale, Praxen, Grundst\u00fccke oder Anlageobjekte.","breadcrumb":{"@id":"http:\/\/immobilien-sahin-24.de\/cms\/kontakte\/#breadcrumb"},"inLanguage":"de","potentialAction":[{"@type":"ReadAction","target":["http:\/\/immobilien-sahin-24.de\/cms\/kontakte\/"]}]},{"@type":"BreadcrumbList","@id":"http:\/\/immobilien-sahin-24.de\/cms\/kontakte\/#breadcrumb","itemListElement":[{"@type":"ListItem","position":1,"name":"Home","item":"http:\/\/immobilien-sahin-24.de\/cms\/"},{"@type":"ListItem","position":2,"name":"Kontakte"}]}]}},"_links":{"self":[{"href":"http:\/\/immobilien-sahin-24.de\/cms\/wp-json\/wp\/v2\/pages\/55"}],"collection":[{"href":"http:\/\/immobilien-sahin-24.de\/cms\/wp-json\/wp\/v2\/pages"}],"about":[{"href":"http:\/\/immobilien-sahin-24.de\/cms\/wp-json\/wp\/v2\/types\/page"}],"author":[{"embeddable":true,"href":"http:\/\/immobilien-sahin-24.de\/cms\/wp-json\/wp\/v2\/users\/2"}],"replies":[{"embeddable":true,"href":"http:\/\/immobilien-sahin-24.de\/cms\/wp-json\/wp\/v2\/comments?post=55"}],"version-history":[{"count":37,"href":"http:\/\/immobilien-sahin-24.de\/cms\/wp-json\/wp\/v2\/pages\/55\/revisions"}],"predecessor-version":[{"id":4274,"href":"http:\/\/immobilien-sahin-24.de\/cms\/wp-json\/wp\/v2\/pages\/55\/revisions\/4274"}],"wp:featuredmedia":[{"embeddable":true,"href":"http:\/\/immobilien-sahin-24.de\/cms\/wp-json\/wp\/v2\/media\/1591"}],"wp:attachment":[{"href":"http:\/\/immobilien-sahin-24.de\/cms\/wp-json\/wp\/v2\/media?parent=55"}],"curies":[{"name":"wp","href":"https:\/\/api.w.org\/{rel}","templated":true}]}}